{"id":596,"date":"2021-06-06T08:56:41","date_gmt":"2021-06-06T08:56:41","guid":{"rendered":"https:\/\/renkmer.com\/?page_id=596"},"modified":"2022-06-25T15:53:56","modified_gmt":"2022-06-25T15:53:56","slug":"about-us","status":"publish","type":"page","link":"http:\/\/renkmer.com\/tr\/about-us\/","title":{"rendered":"Hakk\u0131m\u0131zda"},"content":{"rendered":"<div data-elementor-type=\"wp-page\" data-elementor-id=\"596\" class=\"elementor elementor-596\">\n\t\t\t\t\t\t<section class=\"elementor-section elementor-top-section elementor-element elementor-element-0640cc0 elementor-section-boxed elementor-section-height-default elementor-section-height-default\" data-id=\"0640cc0\" data-element_type=\"section\" data-e-type=\"section\">\n\t\t\t\t\t\t<div class=\"elementor-container elementor-column-gap-default\">\n\t\t\t\t\t<div class=\"elementor-column elementor-col-100 elementor-top-column elementor-element elementor-element-07e57dd\" data-id=\"07e57dd\" data-element_type=\"column\" data-e-type=\"column\">\n\t\t\t<div class=\"elementor-widget-wrap elementor-element-populated\">\n\t\t\t\t\t\t<div class=\"elementor-element elementor-element-217ea93 elementor-widget elementor-widget-spacer\" data-id=\"217ea93\" data-element_type=\"widget\" data-e-type=\"widget\" data-widget_type=\"spacer.default\">\n\t\t\t\t<div class=\"elementor-widget-container\">\n\t\t\t\t\t\t\t<div class=\"elementor-spacer\">\n\t\t\t<div class=\"elementor-spacer-inner\"><\/div>\n\t\t<\/div>\n\t\t\t\t\t\t<\/div>\n\t\t\t\t<\/div>\n\t\t\t\t\t<\/div>\n\t\t<\/div>\n\t\t\t\t\t<\/div>\n\t\t<\/section>\n\t\t\t\t<section class=\"elementor-section elementor-top-section elementor-element elementor-element-6cd9cfe elementor-section-boxed elementor-section-height-default elementor-section-height-default\" data-id=\"6cd9cfe\" data-element_type=\"section\" data-e-type=\"section\">\n\t\t\t\t\t\t<div class=\"elementor-container elementor-column-gap-default\">\n\t\t\t\t\t<div class=\"elementor-column elementor-col-50 elementor-top-column elementor-element elementor-element-b86d990\" data-id=\"b86d990\" data-element_type=\"column\" data-e-type=\"column\">\n\t\t\t<div class=\"elementor-widget-wrap elementor-element-populated\">\n\t\t\t\t\t\t<div class=\"elementor-element elementor-element-b76f5a2 elementor-widget elementor-widget-image\" data-id=\"b76f5a2\" data-element_type=\"widget\" data-e-type=\"widget\" data-widget_type=\"image.default\">\n\t\t\t\t<div class=\"elementor-widget-container\">\n\t\t\t\t\t\t\t\t\t\t\t\t\t\t\t<img fetchpriority=\"high\" decoding=\"async\" width=\"580\" height=\"629\" src=\"https:\/\/renkmer.com\/wp-content\/uploads\/2022\/06\/about_us.jpg\" class=\"attachment-large size-large wp-image-1377\" alt=\"\" srcset=\"https:\/\/renkmer.com\/wp-content\/uploads\/2022\/06\/about_us.jpg 920w, https:\/\/renkmer.com\/wp-content\/uploads\/2022\/06\/about_us-277x300.jpg 277w, https:\/\/renkmer.com\/wp-content\/uploads\/2022\/06\/about_us-768x833.jpg 768w, https:\/\/renkmer.com\/wp-content\/uploads\/2022\/06\/about_us-600x651.jpg 600w\" sizes=\"(max-width: 580px) 100vw, 580px\" \/>\t\t\t\t\t\t\t\t\t\t\t\t\t\t\t<\/div>\n\t\t\t\t<\/div>\n\t\t\t\t\t<\/div>\n\t\t<\/div>\n\t\t\t\t<div class=\"elementor-column elementor-col-50 elementor-top-column elementor-element elementor-element-388a43d\" data-id=\"388a43d\" data-element_type=\"column\" data-e-type=\"column\">\n\t\t\t<div class=\"elementor-widget-wrap elementor-element-populated\">\n\t\t\t\t\t\t<div class=\"elementor-element elementor-element-0a3a8ad elementor-widget elementor-widget-heading\" data-id=\"0a3a8ad\" data-element_type=\"widget\" data-e-type=\"widget\" data-widget_type=\"heading.default\">\n\t\t\t\t<div class=\"elementor-widget-container\">\n\t\t\t\t\t<h2 class=\"elementor-heading-title elementor-size-default\">Biz Kimiz?<\/h2>\t\t\t\t<\/div>\n\t\t\t\t<\/div>\n\t\t\t\t<div class=\"elementor-element elementor-element-4178668 elementor-widget elementor-widget-text-editor\" data-id=\"4178668\" data-element_type=\"widget\" data-e-type=\"widget\" data-widget_type=\"text-editor.default\">\n\t\t\t\t<div class=\"elementor-widget-container\">\n\t\t\t\t\t\t\t\t\t<p>RENKMER mermer ocaklar\u0131 MU\u011eLA iline ba\u011fl\u0131 M\u0130LAS il\u00e7esinin KALINA\u011eIL k\u00f6y\u00fcndedir. 250 hektar alana sahip olan mermer ocaklar\u0131nda, g\u00f6r\u00fcnen blok rezervi, 1 milyon metrek\u00fcpt\u00fcr. G\u00fcney Ege'de bulunan ocaklarda y\u0131l\u0131n on iki ay\u0131 \u00e7al\u0131\u015f\u0131lmaktad\u0131r. Ula\u015f\u0131m ve \u00fcretim i\u00e7in her t\u00fcrl\u00fc imkanlara sahiptir. Mermer \u00fcretim alan\u0131na asfalt yol ile ula\u015f\u0131lmaktad\u0131r. Ocaklar, \u00d6ren ve G\u00fcll\u00fck limanlar\u0131na 25 km, \u0130zmir liman\u0131na 230 km, Milas-Bodrum Havaalan\u0131na ise 20 km uzakl\u0131ktad\u0131r.<\/p><p>RENKMER mermer ocaklar\u0131nda EGE BORDO, M\u0130LAS KIRMIZI, M\u0130LAS BORDO EBRUL\u0130, M\u0130LAS BUZ YE\u015e\u0130L\u0130, M\u0130LAS BEYAZ ve M\u0130LAS S\u0130YAH olmak \u00fczere alt\u0131 renk mermer \u00e7\u0131kmaktad\u0131r. Ocaklardan, istenilen ebatlarda blok al\u0131nabilmekte ve bu bloklardan istenilen ebatlarda plakalar elde edilebilmektedir. Bu plakalar\u0131n, kenar k\u00f6\u015fe kesmesi ve cila alma niteli\u011fi \u00e7ok iyidir.<\/p><p>D\u00fcnyada ender bulunan renkli mermerlerin RENKMER MERMER OCAKLARI'nda \u00fcretilmesi \u00fclkemiz ve d\u00fcnya i\u00e7in \u00e7ok \u00f6nemli bir \u015fanst\u0131r.<\/p>\t\t\t\t\t\t\t\t<\/div>\n\t\t\t\t<\/div>\n\t\t\t\t<div class=\"elementor-element elementor-element-27dd456 elementor-align-center elementor-widget elementor-widget-button\" data-id=\"27dd456\" data-element_type=\"widget\" data-e-type=\"widget\" data-widget_type=\"button.default\">\n\t\t\t\t<div class=\"elementor-widget-container\">\n\t\t\t\t\t\t\t\t\t<div class=\"elementor-button-wrapper\">\n\t\t\t\t\t<a class=\"elementor-button elementor-button-link elementor-size-md\" href=\"https:\/\/renkmer.com\/tr\/contact-us\/\">\n\t\t\t\t\t\t<span class=\"elementor-button-content-wrapper\">\n\t\t\t\t\t\t<span class=\"elementor-button-icon\">\n\t\t\t\t<i aria-hidden=\"true\" class=\"fas fa-chevron-right\"><\/i>\t\t\t<\/span>\n\t\t\t\t\t\t\t\t\t<span class=\"elementor-button-text\">\u0130leti\u015fim<\/span>\n\t\t\t\t\t<\/span>\n\t\t\t\t\t<\/a>\n\t\t\t\t<\/div>\n\t\t\t\t\t\t\t\t<\/div>\n\t\t\t\t<\/div>\n\t\t\t\t\t<\/div>\n\t\t<\/div>\n\t\t\t\t\t<\/div>\n\t\t<\/section>\n\t\t\t\t<section class=\"elementor-section elementor-top-section elementor-element elementor-element-2cb15c7 elementor-section-boxed elementor-section-height-default elementor-section-height-default\" data-id=\"2cb15c7\" data-element_type=\"section\" data-e-type=\"section\">\n\t\t\t\t\t\t<div class=\"elementor-container elementor-column-gap-default\">\n\t\t\t\t\t<div class=\"elementor-column elementor-col-100 elementor-top-column elementor-element elementor-element-cb3757f\" data-id=\"cb3757f\" data-element_type=\"column\" data-e-type=\"column\">\n\t\t\t<div class=\"elementor-widget-wrap elementor-element-populated\">\n\t\t\t\t\t\t<div class=\"elementor-element elementor-element-ff9ef80 elementor-widget elementor-widget-spacer\" data-id=\"ff9ef80\" data-element_type=\"widget\" data-e-type=\"widget\" data-widget_type=\"spacer.default\">\n\t\t\t\t<div class=\"elementor-widget-container\">\n\t\t\t\t\t\t\t<div class=\"elementor-spacer\">\n\t\t\t<div class=\"elementor-spacer-inner\"><\/div>\n\t\t<\/div>\n\t\t\t\t\t\t<\/div>\n\t\t\t\t<\/div>\n\t\t\t\t\t<\/div>\n\t\t<\/div>\n\t\t\t\t\t<\/div>\n\t\t<\/section>\n\t\t\t\t<\/div>","protected":false},"excerpt":{"rendered":"<p>Who We Are? RENKMER marble quarries are in the village of KALINAGIL of the district of MILAS of the province of MUGLA. They consist of four quarries of 150 50 50 12 hektare. Block reserve is 50 %. In the quarries located in South Aegean, marble is produced during twelve months of the year. It [&hellip;]<\/p>\n","protected":false},"author":1,"featured_media":0,"parent":0,"menu_order":0,"comment_status":"closed","ping_status":"closed","template":"","meta":{"footnotes":""},"acf":[],"_links":{"self":[{"href":"http:\/\/renkmer.com\/tr\/wp-json\/wp\/v2\/pages\/596"}],"collection":[{"href":"http:\/\/renkmer.com\/tr\/wp-json\/wp\/v2\/pages"}],"about":[{"href":"http:\/\/renkmer.com\/tr\/wp-json\/wp\/v2\/types\/page"}],"author":[{"embeddable":true,"href":"http:\/\/renkmer.com\/tr\/wp-json\/wp\/v2\/users\/1"}],"replies":[{"embeddable":true,"href":"http:\/\/renkmer.com\/tr\/wp-json\/wp\/v2\/comments?post=596"}],"version-history":[{"count":46,"href":"http:\/\/renkmer.com\/tr\/wp-json\/wp\/v2\/pages\/596\/revisions"}],"predecessor-version":[{"id":1506,"href":"http:\/\/renkmer.com\/tr\/wp-json\/wp\/v2\/pages\/596\/revisions\/1506"}],"wp:attachment":[{"href":"http:\/\/renkmer.com\/tr\/wp-json\/wp\/v2\/media?parent=596"}],"curies":[{"name":"wp","href":"https:\/\/api.w.org\/{rel}","templated":true}]}}