{"id":1333,"date":"2022-06-25T12:52:11","date_gmt":"2022-06-25T12:52:11","guid":{"rendered":"https:\/\/renkmer.com\/?page_id=1333"},"modified":"2022-06-25T15:54:17","modified_gmt":"2022-06-25T15:54:17","slug":"we-in-the-press","status":"publish","type":"page","link":"https:\/\/renkmer.com\/en\/we-in-the-press\/","title":{"rendered":"We in the Press"},"content":{"rendered":"\t\t<div data-elementor-type=\"wp-page\" data-elementor-id=\"1333\" class=\"elementor elementor-1333\">\n\t\t\t\t\t\t<section class=\"elementor-section elementor-top-section elementor-element elementor-element-9bc7dbb elementor-section-boxed elementor-section-height-default elementor-section-height-default\" data-id=\"9bc7dbb\" data-element_type=\"section\" data-e-type=\"section\">\n\t\t\t\t\t\t<div class=\"elementor-container elementor-column-gap-default\">\n\t\t\t\t\t<div class=\"elementor-column elementor-col-100 elementor-top-column elementor-element elementor-element-563d994\" data-id=\"563d994\" data-element_type=\"column\" data-e-type=\"column\">\n\t\t\t<div class=\"elementor-widget-wrap elementor-element-populated\">\n\t\t\t\t\t\t<div class=\"elementor-element elementor-element-9573f3e elementor-widget elementor-widget-spacer\" data-id=\"9573f3e\" data-element_type=\"widget\" data-e-type=\"widget\" data-widget_type=\"spacer.default\">\n\t\t\t\t<div class=\"elementor-widget-container\">\n\t\t\t\t\t\t\t<div class=\"elementor-spacer\">\n\t\t\t<div class=\"elementor-spacer-inner\"><\/div>\n\t\t<\/div>\n\t\t\t\t\t\t<\/div>\n\t\t\t\t<\/div>\n\t\t\t\t\t<\/div>\n\t\t<\/div>\n\t\t\t\t\t<\/div>\n\t\t<\/section>\n\t\t\t\t<section class=\"elementor-section elementor-top-section elementor-element elementor-element-bf5299f elementor-section-boxed elementor-section-height-default elementor-section-height-default\" data-id=\"bf5299f\" data-element_type=\"section\" data-e-type=\"section\">\n\t\t\t\t\t\t<div class=\"elementor-container elementor-column-gap-default\">\n\t\t\t\t\t<div class=\"elementor-column elementor-col-100 elementor-top-column elementor-element elementor-element-f3432b7\" data-id=\"f3432b7\" data-element_type=\"column\" data-e-type=\"column\">\n\t\t\t<div class=\"elementor-widget-wrap elementor-element-populated\">\n\t\t\t\t\t\t<div class=\"elementor-element elementor-element-04a2d23 elementor-widget elementor-widget-image\" data-id=\"04a2d23\" data-element_type=\"widget\" data-e-type=\"widget\" data-widget_type=\"image.default\">\n\t\t\t\t<div class=\"elementor-widget-container\">\n\t\t\t\t\t\t\t\t\t\t\t\t\t\t\t<img fetchpriority=\"high\" decoding=\"async\" width=\"580\" height=\"292\" src=\"https:\/\/renkmer.com\/wp-content\/uploads\/2022\/06\/press_1-1024x515.jpeg\" class=\"attachment-large size-large wp-image-1216\" alt=\"\" srcset=\"https:\/\/renkmer.com\/wp-content\/uploads\/2022\/06\/press_1-1024x515.jpeg 1024w, https:\/\/renkmer.com\/wp-content\/uploads\/2022\/06\/press_1-600x302.jpeg 600w, https:\/\/renkmer.com\/wp-content\/uploads\/2022\/06\/press_1-300x151.jpeg 300w, https:\/\/renkmer.com\/wp-content\/uploads\/2022\/06\/press_1-768x386.jpeg 768w, https:\/\/renkmer.com\/wp-content\/uploads\/2022\/06\/press_1.jpeg 1080w\" sizes=\"(max-width: 580px) 100vw, 580px\" \/>\t\t\t\t\t\t\t\t\t\t\t\t\t\t\t<\/div>\n\t\t\t\t<\/div>\n\t\t\t\t\t<\/div>\n\t\t<\/div>\n\t\t\t\t\t<\/div>\n\t\t<\/section>\n\t\t\t\t<section class=\"elementor-section elementor-top-section elementor-element elementor-element-0aaeb10 elementor-section-boxed elementor-section-height-default elementor-section-height-default\" data-id=\"0aaeb10\" data-element_type=\"section\" data-e-type=\"section\">\n\t\t\t\t\t\t<div class=\"elementor-container elementor-column-gap-default\">\n\t\t\t\t\t<div class=\"elementor-column elementor-col-100 elementor-top-column elementor-element elementor-element-8209983\" data-id=\"8209983\" data-element_type=\"column\" data-e-type=\"column\">\n\t\t\t<div class=\"elementor-widget-wrap elementor-element-populated\">\n\t\t\t\t\t\t<div class=\"elementor-element elementor-element-3d69e26 elementor-widget elementor-widget-spacer\" data-id=\"3d69e26\" data-element_type=\"widget\" data-e-type=\"widget\" data-widget_type=\"spacer.default\">\n\t\t\t\t<div class=\"elementor-widget-container\">\n\t\t\t\t\t\t\t<div class=\"elementor-spacer\">\n\t\t\t<div class=\"elementor-spacer-inner\"><\/div>\n\t\t<\/div>\n\t\t\t\t\t\t<\/div>\n\t\t\t\t<\/div>\n\t\t\t\t\t<\/div>\n\t\t<\/div>\n\t\t\t\t\t<\/div>\n\t\t<\/section>\n\t\t\t\t<section class=\"elementor-section elementor-top-section elementor-element elementor-element-c36d60e elementor-section-content-middle elementor-section-boxed elementor-section-height-default elementor-section-height-default\" data-id=\"c36d60e\" data-element_type=\"section\" data-e-type=\"section\">\n\t\t\t\t\t\t<div class=\"elementor-container elementor-column-gap-default\">\n\t\t\t\t\t<div class=\"elementor-column elementor-col-100 elementor-top-column elementor-element elementor-element-80559af\" data-id=\"80559af\" data-element_type=\"column\" data-e-type=\"column\">\n\t\t\t<div class=\"elementor-widget-wrap elementor-element-populated\">\n\t\t\t\t\t\t<div class=\"elementor-element elementor-element-1d93568 elementor-widget elementor-widget-heading\" data-id=\"1d93568\" data-element_type=\"widget\" data-e-type=\"widget\" data-widget_type=\"heading.default\">\n\t\t\t\t<div class=\"elementor-widget-container\">\n\t\t\t\t\t<h2 class=\"elementor-heading-title elementor-size-default\">Life Sized Rihanna Statue To Be Made Using Special Marble From Milas, Turkey<\/h2>\t\t\t\t<\/div>\n\t\t\t\t<\/div>\n\t\t\t\t\t<\/div>\n\t\t<\/div>\n\t\t\t\t\t<\/div>\n\t\t<\/section>\n\t\t\t\t<section class=\"elementor-section elementor-top-section elementor-element elementor-element-43da817 elementor-section-boxed elementor-section-height-default elementor-section-height-default\" data-id=\"43da817\" data-element_type=\"section\" data-e-type=\"section\">\n\t\t\t\t\t\t<div class=\"elementor-container elementor-column-gap-default\">\n\t\t\t\t\t<div class=\"elementor-column elementor-col-100 elementor-top-column elementor-element elementor-element-3d693cd\" data-id=\"3d693cd\" data-element_type=\"column\" data-e-type=\"column\">\n\t\t\t<div class=\"elementor-widget-wrap elementor-element-populated\">\n\t\t\t\t\t\t<div class=\"elementor-element elementor-element-61e6283 elementor-widget elementor-widget-text-editor\" data-id=\"61e6283\" data-element_type=\"widget\" data-e-type=\"widget\" data-widget_type=\"text-editor.default\">\n\t\t\t\t<div class=\"elementor-widget-container\">\n\t\t\t\t\t\t\t\t\t<p>A statue of world-famous Barbadian singer Rihanna will be made from a special marble from the Kal\u0131na\u011f\u0131l neighborhood.<\/p><p>A special marble from Kal\u0131na\u011f\u0131l was sent for the full-size statue of Rihanna.<\/p><p>This particular type of marble is being used because of its similarity to the color of Rihanna skin.<\/p><p>The search that was started in different places of the world ended with the marble called Rosso Laguna Aegean Maroon, which is found in the Kal\u0131na\u011f\u0131l neighborhood of Milas, which is known for the maroon marble.<\/p><p>Speaking to \u0130HA, company officials providing the marble for the statue to the unnamed sculptor said: \u201cMarble in that color is rarely seen, but it is found in Milas. It is a chance for our country. The marble was provided from the mines in Milas and sent according to the sizes required. Using our marble for the statue of a world-famous singer promotes our region. Therefore, we are happy.\u201d<\/p>\t\t\t\t\t\t\t\t<\/div>\n\t\t\t\t<\/div>\n\t\t\t\t\t<\/div>\n\t\t<\/div>\n\t\t\t\t\t<\/div>\n\t\t<\/section>\n\t\t\t\t<section class=\"elementor-section elementor-top-section elementor-element elementor-element-f39af41 elementor-section-boxed elementor-section-height-default elementor-section-height-default\" data-id=\"f39af41\" data-element_type=\"section\" data-e-type=\"section\">\n\t\t\t\t\t\t<div class=\"elementor-container elementor-column-gap-default\">\n\t\t\t\t\t<div class=\"elementor-column elementor-col-33 elementor-top-column elementor-element elementor-element-4d1e05b\" data-id=\"4d1e05b\" data-element_type=\"column\" data-e-type=\"column\">\n\t\t\t<div class=\"elementor-widget-wrap elementor-element-populated\">\n\t\t\t\t\t\t<div class=\"elementor-element elementor-element-81ebe66 elementor-widget elementor-widget-image\" data-id=\"81ebe66\" data-element_type=\"widget\" data-e-type=\"widget\" data-widget_type=\"image.default\">\n\t\t\t\t<div class=\"elementor-widget-container\">\n\t\t\t\t\t\t\t\t\t\t\t\t\t\t\t<img decoding=\"async\" src=\"https:\/\/renkmer.com\/wp-content\/uploads\/elementor\/thumbs\/rih1-pqu33oq2c25j5i9vbelrfeaeeitd997ee8m89mg0rk.jpg\" title=\"rih1\" alt=\"rih1\" loading=\"lazy\" \/>\t\t\t\t\t\t\t\t\t\t\t\t\t\t\t<\/div>\n\t\t\t\t<\/div>\n\t\t\t\t\t<\/div>\n\t\t<\/div>\n\t\t\t\t<div class=\"elementor-column elementor-col-33 elementor-top-column elementor-element elementor-element-a7b8263\" data-id=\"a7b8263\" data-element_type=\"column\" data-e-type=\"column\">\n\t\t\t<div class=\"elementor-widget-wrap elementor-element-populated\">\n\t\t\t\t\t\t<div class=\"elementor-element elementor-element-dcbf593 elementor-widget elementor-widget-image\" data-id=\"dcbf593\" data-element_type=\"widget\" data-e-type=\"widget\" data-widget_type=\"image.default\">\n\t\t\t\t<div class=\"elementor-widget-container\">\n\t\t\t\t\t\t\t\t\t\t\t\t\t\t\t<img decoding=\"async\" src=\"https:\/\/renkmer.com\/wp-content\/uploads\/elementor\/thumbs\/rih2-pqu33qlqpq83sq750ff0kdtblak3onev2hx786d8f4.jpg\" title=\"rih2\" alt=\"rih2\" loading=\"lazy\" \/>\t\t\t\t\t\t\t\t\t\t\t\t\t\t\t<\/div>\n\t\t\t\t<\/div>\n\t\t\t\t\t<\/div>\n\t\t<\/div>\n\t\t\t\t<div class=\"elementor-column elementor-col-33 elementor-top-column elementor-element elementor-element-13a337f\" data-id=\"13a337f\" data-element_type=\"column\" data-e-type=\"column\">\n\t\t\t<div class=\"elementor-widget-wrap elementor-element-populated\">\n\t\t\t\t\t\t<div class=\"elementor-element elementor-element-766c08a elementor-widget elementor-widget-image\" data-id=\"766c08a\" data-element_type=\"widget\" data-e-type=\"widget\" data-widget_type=\"image.default\">\n\t\t\t\t<div class=\"elementor-widget-container\">\n\t\t\t\t\t\t\t\t\t\t\t\t\t\t\t<img decoding=\"async\" src=\"https:\/\/renkmer.com\/wp-content\/uploads\/elementor\/thumbs\/rih3-pqu33rjkwk9e4c5ruxtn4vks6ofgwcilemkopgbu8w.jpg\" title=\"rih3\" alt=\"rih3\" loading=\"lazy\" \/>\t\t\t\t\t\t\t\t\t\t\t\t\t\t\t<\/div>\n\t\t\t\t<\/div>\n\t\t\t\t\t<\/div>\n\t\t<\/div>\n\t\t\t\t\t<\/div>\n\t\t<\/section>\n\t\t\t\t<section class=\"elementor-section elementor-top-section elementor-element elementor-element-b88b788 elementor-section-boxed elementor-section-height-default elementor-section-height-default\" data-id=\"b88b788\" data-element_type=\"section\" data-e-type=\"section\">\n\t\t\t\t\t\t<div class=\"elementor-container elementor-column-gap-default\">\n\t\t\t\t\t<div class=\"elementor-column elementor-col-50 elementor-top-column elementor-element elementor-element-8f81c3b\" data-id=\"8f81c3b\" data-element_type=\"column\" data-e-type=\"column\">\n\t\t\t<div class=\"elementor-widget-wrap elementor-element-populated\">\n\t\t\t\t\t\t<div class=\"elementor-element elementor-element-7ff6991 elementor-widget elementor-widget-image\" data-id=\"7ff6991\" data-element_type=\"widget\" data-e-type=\"widget\" data-widget_type=\"image.default\">\n\t\t\t\t<div class=\"elementor-widget-container\">\n\t\t\t\t\t\t\t\t\t\t\t\t\t\t\t<img decoding=\"async\" src=\"https:\/\/renkmer.com\/wp-content\/uploads\/elementor\/thumbs\/rih4-pqu33tf9a8byrk31jymw9v3pdg67bqq22vvno091wg.jpg\" title=\"rih4\" alt=\"rih4\" loading=\"lazy\" \/>\t\t\t\t\t\t\t\t\t\t\t\t\t\t\t<\/div>\n\t\t\t\t<\/div>\n\t\t\t\t\t<\/div>\n\t\t<\/div>\n\t\t\t\t<div class=\"elementor-column elementor-col-50 elementor-top-column elementor-element elementor-element-78105e9\" data-id=\"78105e9\" data-element_type=\"column\" data-e-type=\"column\">\n\t\t\t<div class=\"elementor-widget-wrap elementor-element-populated\">\n\t\t\t\t\t\t<div class=\"elementor-element elementor-element-a542eeb elementor-widget elementor-widget-image\" data-id=\"a542eeb\" data-element_type=\"widget\" data-e-type=\"widget\" data-widget_type=\"image.default\">\n\t\t\t\t<div class=\"elementor-widget-container\">\n\t\t\t\t\t\t\t\t\t\t\t\t\t\t\t<img decoding=\"async\" src=\"https:\/\/renkmer.com\/wp-content\/uploads\/elementor\/thumbs\/rih5-pqu33ns85848twb8gw74uwixt4y01k3o23yqschexs.jpg\" title=\"rih5\" alt=\"rih5\" loading=\"lazy\" \/>\t\t\t\t\t\t\t\t\t\t\t\t\t\t\t<\/div>\n\t\t\t\t<\/div>\n\t\t\t\t\t<\/div>\n\t\t<\/div>\n\t\t\t\t\t<\/div>\n\t\t<\/section>\n\t\t\t\t<section class=\"elementor-section elementor-top-section elementor-element elementor-element-63fc822 elementor-section-boxed elementor-section-height-default elementor-section-height-default\" data-id=\"63fc822\" data-element_type=\"section\" data-e-type=\"section\">\n\t\t\t\t\t\t<div class=\"elementor-container elementor-column-gap-default\">\n\t\t\t\t\t<div class=\"elementor-column elementor-col-100 elementor-top-column elementor-element elementor-element-5aadd48\" data-id=\"5aadd48\" data-element_type=\"column\" data-e-type=\"column\">\n\t\t\t<div class=\"elementor-widget-wrap elementor-element-populated\">\n\t\t\t\t\t\t<div class=\"elementor-element elementor-element-172d6fa elementor-widget elementor-widget-spacer\" data-id=\"172d6fa\" data-element_type=\"widget\" data-e-type=\"widget\" data-widget_type=\"spacer.default\">\n\t\t\t\t<div class=\"elementor-widget-container\">\n\t\t\t\t\t\t\t<div class=\"elementor-spacer\">\n\t\t\t<div class=\"elementor-spacer-inner\"><\/div>\n\t\t<\/div>\n\t\t\t\t\t\t<\/div>\n\t\t\t\t<\/div>\n\t\t\t\t\t<\/div>\n\t\t<\/div>\n\t\t\t\t\t<\/div>\n\t\t<\/section>\n\t\t\t\t<\/div>\n\t\t","protected":false},"excerpt":{"rendered":"<p>Life Sized Rihanna Statue To Be Made Using Special Marble From Milas, Turkey A statue of world-famous Barbadian singer Rihanna will be made from a special marble from the Kal\u0131na\u011f\u0131l neighborhood. A special marble from Kal\u0131na\u011f\u0131l was sent for the full-size statue of Rihanna. This particular type of marble is being used because of its [&hellip;]<\/p>\n","protected":false},"author":1,"featured_media":0,"parent":0,"menu_order":0,"comment_status":"closed","ping_status":"closed","template":"","meta":{"footnotes":""},"acf":[],"_links":{"self":[{"href":"https:\/\/renkmer.com\/en\/wp-json\/wp\/v2\/pages\/1333"}],"collection":[{"href":"https:\/\/renkmer.com\/en\/wp-json\/wp\/v2\/pages"}],"about":[{"href":"https:\/\/renkmer.com\/en\/wp-json\/wp\/v2\/types\/page"}],"author":[{"embeddable":true,"href":"https:\/\/renkmer.com\/en\/wp-json\/wp\/v2\/users\/1"}],"replies":[{"embeddable":true,"href":"https:\/\/renkmer.com\/en\/wp-json\/wp\/v2\/comments?post=1333"}],"version-history":[{"count":19,"href":"https:\/\/renkmer.com\/en\/wp-json\/wp\/v2\/pages\/1333\/revisions"}],"predecessor-version":[{"id":1508,"href":"https:\/\/renkmer.com\/en\/wp-json\/wp\/v2\/pages\/1333\/revisions\/1508"}],"wp:attachment":[{"href":"https:\/\/renkmer.com\/en\/wp-json\/wp\/v2\/media?parent=1333"}],"curies":[{"name":"wp","href":"https:\/\/api.w.org\/{rel}","templated":true}]}}