{"id":1552,"date":"2022-06-25T16:11:00","date_gmt":"2022-06-25T16:11:00","guid":{"rendered":"https:\/\/renkmer.com\/?page_id=1552"},"modified":"2022-06-26T08:16:55","modified_gmt":"2022-06-26T08:16:55","slug":"rosso-laguna","status":"publish","type":"page","link":"https:\/\/renkmer.com\/tr\/rosso-laguna\/","title":{"rendered":"Rosso Laguna"},"content":{"rendered":"<div data-elementor-type=\"wp-page\" data-elementor-id=\"1552\" class=\"elementor elementor-1552\">\n\t\t\t\t\t\t<section class=\"elementor-section elementor-top-section elementor-element elementor-element-1a106f9d elementor-section-boxed elementor-section-height-default elementor-section-height-default\" data-id=\"1a106f9d\" data-element_type=\"section\" data-e-type=\"section\">\n\t\t\t\t\t\t<div class=\"elementor-container elementor-column-gap-default\">\n\t\t\t\t\t<div class=\"elementor-column elementor-col-100 elementor-top-column elementor-element elementor-element-656d8e8d\" data-id=\"656d8e8d\" data-element_type=\"column\" data-e-type=\"column\">\n\t\t\t<div class=\"elementor-widget-wrap elementor-element-populated\">\n\t\t\t\t\t\t<div class=\"elementor-element elementor-element-2d2263f6 elementor-widget elementor-widget-spacer\" data-id=\"2d2263f6\" data-element_type=\"widget\" data-e-type=\"widget\" data-widget_type=\"spacer.default\">\n\t\t\t\t<div class=\"elementor-widget-container\">\n\t\t\t\t\t\t\t<div class=\"elementor-spacer\">\n\t\t\t<div class=\"elementor-spacer-inner\"><\/div>\n\t\t<\/div>\n\t\t\t\t\t\t<\/div>\n\t\t\t\t<\/div>\n\t\t\t\t\t<\/div>\n\t\t<\/div>\n\t\t\t\t\t<\/div>\n\t\t<\/section>\n\t\t\t\t<section class=\"elementor-section elementor-top-section elementor-element elementor-element-c6fb1a6 elementor-section-boxed elementor-section-height-default elementor-section-height-default\" data-id=\"c6fb1a6\" data-element_type=\"section\" data-e-type=\"section\">\n\t\t\t\t\t\t<div class=\"elementor-container elementor-column-gap-default\">\n\t\t\t\t\t<div class=\"elementor-column elementor-col-50 elementor-top-column elementor-element elementor-element-7b0cf770\" data-id=\"7b0cf770\" data-element_type=\"column\" data-e-type=\"column\">\n\t\t\t<div class=\"elementor-widget-wrap elementor-element-populated\">\n\t\t\t\t\t\t<div class=\"elementor-element elementor-element-610146a3 elementor-widget elementor-widget-image\" data-id=\"610146a3\" data-element_type=\"widget\" data-e-type=\"widget\" data-widget_type=\"image.default\">\n\t\t\t\t<div class=\"elementor-widget-container\">\n\t\t\t\t\t\t\t\t\t\t\t\t\t\t\t<img fetchpriority=\"high\" decoding=\"async\" width=\"320\" height=\"240\" src=\"https:\/\/renkmer.com\/wp-content\/uploads\/2022\/06\/rosso_laguna.jpg\" class=\"attachment-large size-large wp-image-1140\" alt=\"\" srcset=\"https:\/\/renkmer.com\/wp-content\/uploads\/2022\/06\/rosso_laguna.jpg 320w, https:\/\/renkmer.com\/wp-content\/uploads\/2022\/06\/rosso_laguna-300x225.jpg 300w\" sizes=\"(max-width: 320px) 100vw, 320px\" \/>\t\t\t\t\t\t\t\t\t\t\t\t\t\t\t<\/div>\n\t\t\t\t<\/div>\n\t\t\t\t\t<\/div>\n\t\t<\/div>\n\t\t\t\t<div class=\"elementor-column elementor-col-50 elementor-top-column elementor-element elementor-element-37057598\" data-id=\"37057598\" data-element_type=\"column\" data-e-type=\"column\">\n\t\t\t<div class=\"elementor-widget-wrap elementor-element-populated\">\n\t\t\t\t\t\t<div class=\"elementor-element elementor-element-2e983240 elementor-absolute elementor-widget elementor-widget-text-editor\" data-id=\"2e983240\" data-element_type=\"widget\" data-e-type=\"widget\" data-settings=\"{&quot;_position&quot;:&quot;absolute&quot;}\" data-widget_type=\"text-editor.default\">\n\t\t\t\t<div class=\"elementor-widget-container\">\n\t\t\t\t\t\t\t\t\t<div class=\"woocommerce-product-details__short-description\"><div class=\"woocommerce-product-details__short-description\"><p><strong>ROSSO LAGUNA (<span id=\"ctl00_ContentPlaceHolder1_Detay1_DataList1_ctl00_lblBaslik\">(Milas \u2013 Mu\u011fla \u2013 T\u00fcrkiye)<\/span><\/strong><\/p><p>RM\/03 RENKMER mermerlerinin kodudur ve ocaklar\u0131m\u0131zdan \u00e7\u0131kan mam\u00fclleri simgeler.<\/p><\/div><div class=\"product_meta\"><span class=\"sku_wrapper\">STOK KODU:\u00a0<span class=\"sku\">RM\/03<\/span><\/span><\/div><\/div>\t\t\t\t\t\t\t\t<\/div>\n\t\t\t\t<\/div>\n\t\t\t\t\t<\/div>\n\t\t<\/div>\n\t\t\t\t\t<\/div>\n\t\t<\/section>\n\t\t\t\t<section class=\"elementor-section elementor-top-section elementor-element elementor-element-2ee040eb elementor-section-boxed elementor-section-height-default elementor-section-height-default\" data-id=\"2ee040eb\" data-element_type=\"section\" data-e-type=\"section\">\n\t\t\t\t\t\t<div class=\"elementor-container elementor-column-gap-default\">\n\t\t\t\t\t<div class=\"elementor-column elementor-col-100 elementor-top-column elementor-element elementor-element-5e8df35c\" data-id=\"5e8df35c\" data-element_type=\"column\" data-e-type=\"column\">\n\t\t\t<div class=\"elementor-widget-wrap elementor-element-populated\">\n\t\t\t\t\t\t<div class=\"elementor-element elementor-element-20ee8cbb elementor-widget elementor-widget-spacer\" data-id=\"20ee8cbb\" data-element_type=\"widget\" data-e-type=\"widget\" data-widget_type=\"spacer.default\">\n\t\t\t\t<div class=\"elementor-widget-container\">\n\t\t\t\t\t\t\t<div class=\"elementor-spacer\">\n\t\t\t<div class=\"elementor-spacer-inner\"><\/div>\n\t\t<\/div>\n\t\t\t\t\t\t<\/div>\n\t\t\t\t<\/div>\n\t\t\t\t\t<\/div>\n\t\t<\/div>\n\t\t\t\t\t<\/div>\n\t\t<\/section>\n\t\t\t\t<section class=\"elementor-section elementor-top-section elementor-element elementor-element-53def186 elementor-section-boxed elementor-section-height-default elementor-section-height-default\" data-id=\"53def186\" data-element_type=\"section\" data-e-type=\"section\">\n\t\t\t\t\t\t<div class=\"elementor-container elementor-column-gap-default\">\n\t\t\t\t\t<div class=\"elementor-column elementor-col-100 elementor-top-column elementor-element elementor-element-41b8d7f8\" data-id=\"41b8d7f8\" data-element_type=\"column\" data-e-type=\"column\">\n\t\t\t<div class=\"elementor-widget-wrap elementor-element-populated\">\n\t\t\t\t\t\t<div class=\"elementor-element elementor-element-5af4076 elementor-widget elementor-widget-html\" data-id=\"5af4076\" data-element_type=\"widget\" data-e-type=\"widget\" data-widget_type=\"html.default\">\n\t\t\t\t<div class=\"elementor-widget-container\">\n\t\t\t\t\t<h3>RM\/03 ROSSO LAGUNA<\/h3>\n<br>\n    <table>\n    <tr>\n        <td style=\"width:75%\">\u00d6zg\u00fcl A\u011f\u0131rl\u0131k<\/td>\n        <td style=\"width:25%\">2,75 g\/cm3<\/td>\n    <\/tr>\n    <tr>\n        <td style=\"width:75%\">Birim Hacim A\u011f\u0131rl\u0131\u011f\u0131<\/td>\n        <td style=\"width:25%\">2,72 g\/cm3<\/td>\n    <\/tr>\n    <\/table>\n    \n    <br>\n    \n    <h5>Her A\u011f\u0131rl\u0131k i\u00e7in Su Emme \u00d6zelli\u011fi<\/h5>\n\n    <br>\n\n    <table>    \n    <tr>\n        <td style=\"width:75%\">Standart Bas\u0131n\u00e7 Alt\u0131nda<\/td>\n        <td style=\"width:25%\">0.10%<\/td>\n    <\/tr>\n    <tr>\n        <td style=\"width:75%\">Kaynayan Suda<\/td>\n        <td style=\"width:25%\">0.10%<\/td>\n    <\/tr>\n    <\/table>\n    \n    \n    \n    <h5>Her Hacim i\u00e7in Su Emme \u00d6zelli\u011fi<\/h5>\n    \n    <br>\n    \n    <table>\n    <tr>\n        <td style=\"width:75%\">Kaynayan Suda<\/td>\n        <td style=\"width:25%\">0.40%<\/td>\n    <\/tr>\n    <tr>\n        <td style=\"width:75%\">G\u00f6r\u00fcn\u00fcr G\u00f6zeneklilik<\/td>\n        <td style=\"width:25%\">0.20%<\/td>\n    <\/tr>\n    <tr>\n        <td style=\"width:75%\">G\u00f6zeneklilik<\/td>\n        <td style=\"width:25%\">1.10%<\/td>\n    <\/tr>\n    <tr>\n        <td style=\"width:75%\">Dolgunluk Oran\u0131<\/td>\n        <td style=\"width:25%\">98.90%<\/td>\n    <\/tr>\n    <tr>\n        <td style=\"width:75%\">Ortalama E\u011filme Dayan\u0131m\u0131<\/td>\n        <td style=\"width:25%\">1075 kg-force\/cm2<\/td>\n    <\/tr>\n    <tr>\n        <td style=\"width:75%\">Ortalama Darbe Direnci<\/td>\n        <td style=\"width:25%\">10 kg-force\/cm2<\/td>\n    <\/tr>\n    <tr>\n        <td style=\"width:75%\">S\u00fcrt\u00fcnme ve A\u015f\u0131nma Direnci<\/td>\n        <td style=\"width:25%\">10 cm3\/50cm2<\/td>\n    <\/tr>\n    <tr>\n        <td style=\"width:75%\">Donme Noktas\u0131ndaki A\u011f\u0131rl\u0131k Azalmas\u0131<\/td>\n        <td style=\"width:25%\">0%<\/td>\n    <\/tr>\n    <tr>\n        <td style=\"width:75%\">Sertlik<\/td>\n        <td style=\"width:25%\">4,5-5<\/td>\n    <\/tr>\n    <\/table>\n    \n    \n    <h5>\n        K\u0130MYASAL ANAL\u0130Z<\/h5>\n    \n    <br>\n    \n    <table>\n    <tr>\n        <td style=\"width:75%\">SiO2<\/td>\n        <td style=\"width:25%\">8.88%<\/td>\n    <\/tr>\n    <tr>\n        <td style=\"width:75%\">Fe2O3<\/td>\n        <td style=\"width:25%\">1.42%<\/td>\n    <\/tr>\n    <tr>\n        <td style=\"width:75%\">MgO<\/td>\n        <td style=\"width:25%\">0.62%<\/td>\n    <\/tr>\n    <tr>\n        <td style=\"width:75%\">CaO<\/td>\n        <td style=\"width:25%\">47.80%<\/td>\n    <\/tr>\n<\/table>\t\t\t\t<\/div>\n\t\t\t\t<\/div>\n\t\t\t\t\t<\/div>\n\t\t<\/div>\n\t\t\t\t\t<\/div>\n\t\t<\/section>\n\t\t\t\t<section class=\"elementor-section elementor-top-section elementor-element elementor-element-384333c elementor-section-boxed elementor-section-height-default elementor-section-height-default\" data-id=\"384333c\" data-element_type=\"section\" data-e-type=\"section\">\n\t\t\t\t\t\t<div class=\"elementor-container elementor-column-gap-default\">\n\t\t\t\t\t<div class=\"elementor-column elementor-col-100 elementor-top-column elementor-element elementor-element-888e509\" data-id=\"888e509\" data-element_type=\"column\" data-e-type=\"column\">\n\t\t\t<div class=\"elementor-widget-wrap elementor-element-populated\">\n\t\t\t\t\t\t<div class=\"elementor-element elementor-element-4a8aac91 elementor-widget elementor-widget-spacer\" data-id=\"4a8aac91\" data-element_type=\"widget\" data-e-type=\"widget\" data-widget_type=\"spacer.default\">\n\t\t\t\t<div class=\"elementor-widget-container\">\n\t\t\t\t\t\t\t<div class=\"elementor-spacer\">\n\t\t\t<div class=\"elementor-spacer-inner\"><\/div>\n\t\t<\/div>\n\t\t\t\t\t\t<\/div>\n\t\t\t\t<\/div>\n\t\t\t\t\t<\/div>\n\t\t<\/div>\n\t\t\t\t\t<\/div>\n\t\t<\/section>\n\t\t\t\t<\/div>","protected":false},"excerpt":{"rendered":"<p>ROSSO LAGUNA (Milas \u2013 Mu\u011fla \u2013 Turkey) RM\/03- is the code of RENKMER marbles and symbolizes the productions produced in our quarries. SKU:\u00a0RM\/03 RM\/03 ROSSO LAGUNA Specific Weight 2,75 g\/cm3 Volume Bulk 2,72 g\/cm3 Water Absorption Feature for Every Weight Standart Stress 0.10% in Boiling Water 0.10% Water Absorption feature for Every Volume Boiling Water [&hellip;]<\/p>\n","protected":false},"author":1,"featured_media":0,"parent":0,"menu_order":0,"comment_status":"closed","ping_status":"closed","template":"","meta":{"footnotes":""},"acf":[],"_links":{"self":[{"href":"https:\/\/renkmer.com\/tr\/wp-json\/wp\/v2\/pages\/1552"}],"collection":[{"href":"https:\/\/renkmer.com\/tr\/wp-json\/wp\/v2\/pages"}],"about":[{"href":"https:\/\/renkmer.com\/tr\/wp-json\/wp\/v2\/types\/page"}],"author":[{"embeddable":true,"href":"https:\/\/renkmer.com\/tr\/wp-json\/wp\/v2\/users\/1"}],"replies":[{"embeddable":true,"href":"https:\/\/renkmer.com\/tr\/wp-json\/wp\/v2\/comments?post=1552"}],"version-history":[{"count":12,"href":"https:\/\/renkmer.com\/tr\/wp-json\/wp\/v2\/pages\/1552\/revisions"}],"predecessor-version":[{"id":1723,"href":"https:\/\/renkmer.com\/tr\/wp-json\/wp\/v2\/pages\/1552\/revisions\/1723"}],"wp:attachment":[{"href":"https:\/\/renkmer.com\/tr\/wp-json\/wp\/v2\/media?parent=1552"}],"curies":[{"name":"wp","href":"https:\/\/api.w.org\/{rel}","templated":true}]}}